{"id":15537,"date":"2023-12-04T13:07:00","date_gmt":"2023-12-04T13:07:00","guid":{"rendered":"http:\/\/zasumebezvatre.ba\/?page_id=15537"},"modified":"2024-03-25T13:12:21","modified_gmt":"2024-03-25T13:12:21","slug":"about-the-project","status":"publish","type":"page","link":"https:\/\/zasumebezvatre.ba\/bs\/about-the-project\/","title":{"rendered":"O projektu"},"content":{"rendered":"<div id=\"cmsmasters_row_bz2iau5pp\" class=\"cmsmasters_row cmsmasters_color_scheme_default cmsmasters_row_top_default cmsmasters_row_bot_default cmsmasters_row_boxed\">\n<div class=\"cmsmasters_row_outer_parent\">\n<div class=\"cmsmasters_row_outer\">\n<div class=\"cmsmasters_row_inner\">\n<div class=\"cmsmasters_row_margin\">\n<div id=\"cmsmasters_column_u9k9v8wla5\" class=\"cmsmasters_column one_first\">\n<div class=\"cmsmasters_column_inner\">\n<div id=\"cmsmasters_divider_x54ic0rmac\" class=\"cmsmasters_divider cmsmasters_divider_width_long cmsmasters_divider_pos_center\"><\/div>\n<\/div><\/div>\n<\/div>\n<\/div>\n<\/div>\n<\/div>\n<\/div>\n<div id=\"cmsmasters_row_kj6ur75k87\" class=\"cmsmasters_row cmsmasters_color_scheme_default cmsmasters_row_top_default cmsmasters_row_bot_default cmsmasters_row_boxed\">\n<div class=\"cmsmasters_row_outer_parent\">\n<div class=\"cmsmasters_row_outer\">\n<div class=\"cmsmasters_row_inner\">\n<div class=\"cmsmasters_row_margin\">\n<div id=\"cmsmasters_column_y0ohop351i\" class=\"cmsmasters_column one_first\">\n<div class=\"cmsmasters_column_inner\"><div id=\"cmsmasters_heading_wk1942ajbq\" class=\"cmsmasters_heading_wrap cmsmasters_heading_align_left\">\n\t<h2 class=\"cmsmasters_heading\"> Saznajte vi\u0161e o projektu<\/h2>\n<\/div><div class=\"cmsmasters_text\">\n<p>Projekat \u201eZajedni\u010dka akcija za smanjenje pove\u0107anog rizika od \u0161umskih po\u017eara po prirodu i ljude u kontekstu klimatskih promjena u Bosni i Hercegovini\u201c ima za cilj intenzivirati, u\u010dvrstiti i olak\u0161ati zajedni\u010dko i koordinisano djelovanje vladinog sektora i civilnog dru\u0161tva sa ciljem promicanja upravljanja rizicima od po\u017eara, adaptacije na klimatske promjene i ja\u010danja spremnosti Bosne i Hercegovine u slu\u010daju katastrofa. Projekat implementira Inicijativa za \u0161umarstvo i okoli\u0161 - FEA uz podr\u0161ku regionalnog projekta SMART Balkan \u2013 Civilno dru\u0161tvo za povezan Zapadni Balkan kojeg implementiraju Centar za promociju civilnog dru\u0161tva (CPCD), Centar za istra\u017eivanje i kreiranje politike (CRPM) i Institut za demokratiju i medijaciju (IDM), a finansijski podr\u017eava Ministarstvo vanjskih poslova Kraljevine Norve\u0161ke.<\/p>\n<\/div>\n<div class=\"aligncenter\"><div class=\"cmsmasters_img  cmsmasters_image_c\"><a href=\"https:\/\/zasumebezvatre.ba\/wp-content\/uploads\/2023\/12\/logotipovi.jpg\"><img decoding=\"async\" src=\"https:\/\/zasumebezvatre.ba\/wp-content\/uploads\/2023\/12\/logotipovi-1160x116.jpg\" \/><\/a><\/div><\/div>\n<\/div><\/div>\n<\/div>\n<\/div>\n<\/div>\n<\/div>\n<\/div>","protected":false},"excerpt":{"rendered":"","protected":false},"author":1,"featured_media":0,"parent":0,"menu_order":0,"comment_status":"closed","ping_status":"closed","template":"","meta":{"nf_dc_page":"","footnotes":""},"class_list":["post-15537","page","type-page","status-publish","hentry"],"_links":{"self":[{"href":"https:\/\/zasumebezvatre.ba\/bs\/wp-json\/wp\/v2\/pages\/15537","targetHints":{"allow":["GET"]}}],"collection":[{"href":"https:\/\/zasumebezvatre.ba\/bs\/wp-json\/wp\/v2\/pages"}],"about":[{"href":"https:\/\/zasumebezvatre.ba\/bs\/wp-json\/wp\/v2\/types\/page"}],"author":[{"embeddable":true,"href":"https:\/\/zasumebezvatre.ba\/bs\/wp-json\/wp\/v2\/users\/1"}],"replies":[{"embeddable":true,"href":"https:\/\/zasumebezvatre.ba\/bs\/wp-json\/wp\/v2\/comments?post=15537"}],"version-history":[{"count":6,"href":"https:\/\/zasumebezvatre.ba\/bs\/wp-json\/wp\/v2\/pages\/15537\/revisions"}],"predecessor-version":[{"id":15886,"href":"https:\/\/zasumebezvatre.ba\/bs\/wp-json\/wp\/v2\/pages\/15537\/revisions\/15886"}],"wp:attachment":[{"href":"https:\/\/zasumebezvatre.ba\/bs\/wp-json\/wp\/v2\/media?parent=15537"}],"curies":[{"name":"wp","href":"https:\/\/api.w.org\/{rel}","templated":true}]}}