{"id":15540,"date":"2023-12-04T13:07:21","date_gmt":"2023-12-04T13:07:21","guid":{"rendered":"http:\/\/zasumebezvatre.ba\/?page_id=15540"},"modified":"2024-03-25T13:12:58","modified_gmt":"2024-03-25T13:12:58","slug":"meet-the-team","status":"publish","type":"page","link":"https:\/\/zasumebezvatre.ba\/bs\/meet-the-team\/","title":{"rendered":"Upoznajte tim"},"content":{"rendered":"<div id=\"cmsmasters_row_a4osdbc5ws\" class=\"cmsmasters_row cmsmasters_color_scheme_default cmsmasters_row_top_default cmsmasters_row_bot_default cmsmasters_row_boxed\">\n<div class=\"cmsmasters_row_outer_parent\">\n<div class=\"cmsmasters_row_outer\">\n<div class=\"cmsmasters_row_inner\">\n<div class=\"cmsmasters_row_margin\">\n<div id=\"cmsmasters_column_e6o7kyhnz\" class=\"cmsmasters_column one_first\">\n<div class=\"cmsmasters_column_inner\"><\/div><\/div>\n<\/div>\n<\/div>\n<\/div>\n<\/div>\n<\/div>\n<div id=\"cmsmasters_row_9a99c7k7b\" class=\"cmsmasters_row cmsmasters_color_scheme_default cmsmasters_row_top_default cmsmasters_row_bot_default cmsmasters_row_boxed\">\n<div class=\"cmsmasters_row_outer_parent\">\n<div class=\"cmsmasters_row_outer\">\n<div class=\"cmsmasters_row_inner\">\n<div class=\"cmsmasters_row_margin\">\n<div id=\"cmsmasters_column_n3in860ayl\" class=\"cmsmasters_column one_first\">\n<div class=\"cmsmasters_column_inner\"><div class=\"cmsmasters_text\">\n<h3 style=\"text-align: center;\">Na\u0161 tim<\/h3>\n<\/div>\n<div id=\"cmsmasters_profile_69ea45ba99da2\" class=\"cmsmasters_profile horizontal\">\n<!--_________________________ Start Profile Horizontal Article _________________________ -->\r\n<article id=\"post-9427\" class=\"cmsmasters_profile_horizontal one_third post-9427 profile type-profile status-publish has-post-thumbnail hentry pl-categs-project-staff\">\r\n\t<div class=\"profile_outer\">\r\n\t<div class=\"cmsmasters_img_social_wrap\"><div class=\"cmsmasters_img_social_inner\"><figure class=\"cmsmasters_img_wrap\"><a href=\"https:\/\/zasumebezvatre.ba\/bs\/profile\/ajla-dorfer\/\" title=\"Ajla Dorfer\" class=\"cmsmasters_img_link\"><img loading=\"lazy\" decoding=\"async\" width=\"300\" height=\"300\" src=\"https:\/\/zasumebezvatre.ba\/wp-content\/uploads\/2016\/01\/Ajla-300x300.jpg\" class=\"wp-post-image\" alt=\"Ajla Dorfer\" title=\"Ajla Dorfer\" srcset=\"https:\/\/zasumebezvatre.ba\/wp-content\/uploads\/2016\/01\/Ajla-300x300.jpg 300w, https:\/\/zasumebezvatre.ba\/wp-content\/uploads\/2016\/01\/Ajla-150x150.jpg 150w, https:\/\/zasumebezvatre.ba\/wp-content\/uploads\/2016\/01\/Ajla-75x75.jpg 75w, https:\/\/zasumebezvatre.ba\/wp-content\/uploads\/2016\/01\/Ajla.jpg 400w\" sizes=\"auto, (max-width: 300px) 100vw, 300px\" \/><\/a><\/figure><\/div><\/div><div class=\"profile_inner\"><header class=\"cmsmasters_profile_header entry-header\"><h2 class=\"cmsmasters_profile_title entry-title\"><a href=\"https:\/\/zasumebezvatre.ba\/bs\/profile\/ajla-dorfer\/\">Ajla Dorfer<\/a><\/h2><h6 class=\"cmsmasters_profile_subtitle\">Menad\u017eer za kvalitet<\/h6><\/header><div class=\"cmsmasters_profile_content entry-content\">\n<p>Ajla Dorfer je iskusna savjetnica s deset godina iskustva u vo\u0111enju inicijativa o odr\u017eivom upravljanju prirodnim resursima, o\u010duvanju biodiverziteta i inicijativama za za\u0161ti\u0107ena podru\u010dja u cijelom Zapadnom Balkanu. Sa zavr\u0161enim BSc. u hortikulturi i MSc. u politici i ekonomiji \u0161umarstva, ima duboko razumijevanje sektora za\u0161tite okoli\u0161a i uspje\u0161no je dizajnirala i vodila projekte finansirane od strane razli\u010ditih me\u0111unarodnih razvojnih organizacija.<\/p>\n<\/div>\n<\/div>\t<\/div>\r\n<\/article>\r\n<!--_________________________ Finish Profile Horizontal Article _________________________ -->\r\n\r\n<!--_________________________ Start Profile Horizontal Article _________________________ -->\r\n<article id=\"post-1619\" class=\"cmsmasters_profile_horizontal one_third post-1619 profile type-profile status-publish has-post-thumbnail hentry pl-categs-project-staff\">\r\n\t<div class=\"profile_outer\">\r\n\t<div class=\"cmsmasters_img_social_wrap\"><div class=\"cmsmasters_img_social_inner\"><figure class=\"cmsmasters_img_wrap\"><a href=\"https:\/\/zasumebezvatre.ba\/bs\/profile\/lejla-hukic\/\" title=\"Lejla Huki\u0107\" class=\"cmsmasters_img_link\"><img loading=\"lazy\" decoding=\"async\" width=\"300\" height=\"300\" src=\"https:\/\/zasumebezvatre.ba\/wp-content\/uploads\/2015\/11\/Lejla-H-300x300.png\" class=\"wp-post-image\" alt=\"Lejla Huki\u0107\" title=\"Lejla H\" srcset=\"https:\/\/zasumebezvatre.ba\/wp-content\/uploads\/2015\/11\/Lejla-H-300x300.png 300w, https:\/\/zasumebezvatre.ba\/wp-content\/uploads\/2015\/11\/Lejla-H-150x150.png 150w, https:\/\/zasumebezvatre.ba\/wp-content\/uploads\/2015\/11\/Lejla-H-75x75.png 75w, https:\/\/zasumebezvatre.ba\/wp-content\/uploads\/2015\/11\/Lejla-H.png 400w\" sizes=\"auto, (max-width: 300px) 100vw, 300px\" \/><\/a><\/figure><\/div><\/div><div class=\"profile_inner\"><header class=\"cmsmasters_profile_header entry-header\"><h2 class=\"cmsmasters_profile_title entry-title\"><a href=\"https:\/\/zasumebezvatre.ba\/bs\/profile\/lejla-hukic\/\">Lejla Huki\u0107<\/a><\/h2><h6 class=\"cmsmasters_profile_subtitle\">Koordinator projekta<\/h6><\/header><div class=\"cmsmasters_profile_content entry-content\">\n<p>Lejla Huki\u0107 je stru\u010dnjakinja iz oblasti \u0161umarstva s posebnim naglaskom na odr\u017eivo upravljanje \u0161umskim resursima. Njen stru\u010dni profil uklju\u010duje magistricu \u0161umarstva s bogatim iskustvom u privatnom sektoru, kao i u analizi \u0161umarske legislative Bosne i Hercegovine na svim nivoima vlasti.<\/p>\n<\/div>\n<\/div>\t<\/div>\r\n<\/article>\r\n<!--_________________________ Finish Profile Horizontal Article _________________________ -->\r\n\r\n<!--_________________________ Start Profile Horizontal Article _________________________ -->\r\n<article id=\"post-2548\" class=\"cmsmasters_profile_horizontal one_third post-2548 profile type-profile status-publish has-post-thumbnail hentry pl-categs-project-staff\">\r\n\t<div class=\"profile_outer\">\r\n\t<div class=\"cmsmasters_img_social_wrap\"><div class=\"cmsmasters_img_social_inner\"><figure class=\"cmsmasters_img_wrap\"><a href=\"https:\/\/zasumebezvatre.ba\/bs\/profile\/amina-trle\/\" title=\"Amina Trle\" class=\"cmsmasters_img_link\"><img loading=\"lazy\" decoding=\"async\" width=\"300\" height=\"300\" src=\"https:\/\/zasumebezvatre.ba\/wp-content\/uploads\/2015\/11\/Amina-T-300x300.jpg\" class=\"wp-post-image\" alt=\"Amina Trle\" title=\"Amina Trle\" srcset=\"https:\/\/zasumebezvatre.ba\/wp-content\/uploads\/2015\/11\/Amina-T-300x300.jpg 300w, https:\/\/zasumebezvatre.ba\/wp-content\/uploads\/2015\/11\/Amina-T-150x150.jpg 150w, https:\/\/zasumebezvatre.ba\/wp-content\/uploads\/2015\/11\/Amina-T-75x75.jpg 75w, https:\/\/zasumebezvatre.ba\/wp-content\/uploads\/2015\/11\/Amina-T.jpg 400w\" sizes=\"auto, (max-width: 300px) 100vw, 300px\" \/><\/a><\/figure><\/div><\/div><div class=\"profile_inner\"><header class=\"cmsmasters_profile_header entry-header\"><h2 class=\"cmsmasters_profile_title entry-title\"><a href=\"https:\/\/zasumebezvatre.ba\/bs\/profile\/amina-trle\/\">Amina Trle<\/a><\/h2><h6 class=\"cmsmasters_profile_subtitle\">Projektni asistent<\/h6><\/header><div class=\"cmsmasters_profile_content entry-content\">\n<p>Amina Trle je Bachelor \u0161umarstva, sa bogatim iskustvom rada u nevladinom sektoru. Posjeduje\nvje\u0161tine u implementaciji raznih projekata iz oblasti \u0161umarstva na kojima je obavljala ulogu\nkomunikacijskog menad\u017eera.<\/p>\n<\/div>\n<\/div>\t<\/div>\r\n<\/article>\r\n<!--_________________________ Finish Profile Horizontal Article _________________________ -->\r\n\r\n<\/div>\n<\/div><\/div>\n<\/div>\n<\/div>\n<\/div>\n<\/div>\n<\/div>","protected":false},"excerpt":{"rendered":"","protected":false},"author":1,"featured_media":0,"parent":0,"menu_order":0,"comment_status":"closed","ping_status":"closed","template":"","meta":{"nf_dc_page":"","footnotes":""},"class_list":["post-15540","page","type-page","status-publish","hentry"],"_links":{"self":[{"href":"https:\/\/zasumebezvatre.ba\/bs\/wp-json\/wp\/v2\/pages\/15540","targetHints":{"allow":["GET"]}}],"collection":[{"href":"https:\/\/zasumebezvatre.ba\/bs\/wp-json\/wp\/v2\/pages"}],"about":[{"href":"https:\/\/zasumebezvatre.ba\/bs\/wp-json\/wp\/v2\/types\/page"}],"author":[{"embeddable":true,"href":"https:\/\/zasumebezvatre.ba\/bs\/wp-json\/wp\/v2\/users\/1"}],"replies":[{"embeddable":true,"href":"https:\/\/zasumebezvatre.ba\/bs\/wp-json\/wp\/v2\/comments?post=15540"}],"version-history":[{"count":4,"href":"https:\/\/zasumebezvatre.ba\/bs\/wp-json\/wp\/v2\/pages\/15540\/revisions"}],"predecessor-version":[{"id":15572,"href":"https:\/\/zasumebezvatre.ba\/bs\/wp-json\/wp\/v2\/pages\/15540\/revisions\/15572"}],"wp:attachment":[{"href":"https:\/\/zasumebezvatre.ba\/bs\/wp-json\/wp\/v2\/media?parent=15540"}],"curies":[{"name":"wp","href":"https:\/\/api.w.org\/{rel}","templated":true}]}}